{"id":138,"date":"2014-07-20T11:34:31","date_gmt":"2014-07-20T10:34:31","guid":{"rendered":"http:\/\/www.glassmuseum.eu\/?page_id=138"},"modified":"2022-08-07T10:41:08","modified_gmt":"2022-08-07T08:41:08","slug":"contact","status":"publish","type":"page","link":"https:\/\/www.glassmuseum.eu\/en\/contact","title":{"rendered":"Contact"},"content":{"rendered":"<p><strong>Glass Museum Nov\u00fd Bor<\/strong><br \/>\nn\u00e1m. M\u00edru 105<br \/>\n473 01 Nov\u00fd Bor<\/p>\n<p>I\u010c: 00260771<br \/>\nDI\u010c: CZ00260771<br \/>\nphone: +420 487 726 196<br \/>\ne-mail: <a href=\"mailto:muzeum@novy-bor.cz\">muzeum@novy-bor.cz<\/a><br \/>\nwww.glassmuseum.eu<\/p>\n<p>The museum is a member of AMG (Association of Museums and Galleries in the Czech Republic)<\/p>\n<p><strong>Mgr.\u00a0Petra Aj\u0161manov\u00e1<br \/>\n<\/strong>director of the museum<br \/>\n<a href=\"mailto:pajsmanova@novy-bor.cz\">pajsmanova@novy-bor.cz<\/a><\/p>\n<p><strong>Mgr. Eli\u0161ka Vav\u0159\u00ed\u010dkov\u00e1<br \/>\n<\/strong>curator, specialist<br \/>\n<a href=\"mailto:evavrickova@novy-bor.cz\">evavrickova@novy-bor.cz<\/a><\/p>\n<p><strong>MgA. Eva Wirthov\u00e1, DiS.<br \/>\n<\/strong>curator, specialist<br \/>\n<a href=\"mailto:ewirthova@novy-bor.cz\">ewirthova@novy-bor.cz<\/a><\/p>\n<p><strong>Magdalena V\u00e1chalov\u00e1<\/strong><br \/>\nspecialist, lector of children programmes, museum shop<br \/>\n<a href=\"mailto:mvachalova@novy-bor.cz\">mvachalova@novy-bor.cz<\/a><\/p>\n<p><strong>Bc. Jana\u00a0Yildiz, DiS.<\/strong><br \/>\nguide, documentalist, library<br \/>\n<a href=\"http:\/\/jyildiz@novy-bor.cz\">jyildiz@novy-bor.cz<\/a><\/p>\n<p><strong>Nela Buri\u00e1nkov\u00e1, DiS.<\/strong><br \/>\nguide, lector of children programmes, propagation<br \/>\n<a href=\"mailto:nburiankova@novy-bor.cz\">nburiankova@novy-bor.cz<\/a><\/p>\n","protected":false},"excerpt":{"rendered":"<p>Glass Museum Nov\u00fd Bor n\u00e1m. M\u00edru 105 473 01 Nov\u00fd Bor I\u010c: 00260771 DI\u010c: CZ00260771 phone: +420 487 726 196 e-mail: muzeum@novy-bor.cz www.glassmuseum.eu The museum is a member of AMG (Association of Museums and Galleries in the Czech Republic) Mgr.\u00a0Petra Aj\u0161manov\u00e1 director of the museum pajsmanova@novy-bor.cz Mgr. Eli\u0161ka Vav\u0159\u00ed\u010dkov\u00e1 curator, specialist evavrickova@novy-bor.cz MgA. Eva Wirthov\u00e1, [&hellip;]<\/p>\n","protected":false},"author":1,"featured_media":0,"parent":0,"menu_order":0,"comment_status":"closed","ping_status":"closed","template":"","meta":{"_mi_skip_tracking":false},"_links":{"self":[{"href":"https:\/\/www.glassmuseum.eu\/en\/wp-json\/wp\/v2\/pages\/138"}],"collection":[{"href":"https:\/\/www.glassmuseum.eu\/en\/wp-json\/wp\/v2\/pages"}],"about":[{"href":"https:\/\/www.glassmuseum.eu\/en\/wp-json\/wp\/v2\/types\/page"}],"author":[{"embeddable":true,"href":"https:\/\/www.glassmuseum.eu\/en\/wp-json\/wp\/v2\/users\/1"}],"replies":[{"embeddable":true,"href":"https:\/\/www.glassmuseum.eu\/en\/wp-json\/wp\/v2\/comments?post=138"}],"version-history":[{"count":0,"href":"https:\/\/www.glassmuseum.eu\/en\/wp-json\/wp\/v2\/pages\/138\/revisions"}],"wp:attachment":[{"href":"https:\/\/www.glassmuseum.eu\/en\/wp-json\/wp\/v2\/media?parent=138"}],"curies":[{"name":"wp","href":"https:\/\/api.w.org\/{rel}","templated":true}]}}