{"id":152,"date":"2014-07-20T12:04:19","date_gmt":"2014-07-20T11:04:19","guid":{"rendered":"http:\/\/www.glassmuseum.eu\/?page_id=152"},"modified":"2022-08-07T10:37:09","modified_gmt":"2022-08-07T08:37:09","slug":"kontakten","status":"publish","type":"page","link":"https:\/\/www.glassmuseum.eu\/de\/kontakten","title":{"rendered":"Kontakten"},"content":{"rendered":"<p><strong>GLASMUSEUM IN NOV\u00dd BOR<\/strong><br \/>\nn\u00e1m\u011bst\u00ed M\u00edru 105<br \/>\n473 01 Nov\u00fd Bor<\/p>\n<p>tel.: +420 487 726 196<\/p>\n<p><strong>e-mail:<\/strong>\u00a0<a href=\"mailto:muzeum@novy-bor.cz\">muzeum@novy-bor.cz<\/a><br \/>\n<strong>www.glassmuseum.eu<\/strong><\/p>\n<p><strong>Das Museum ist ein Mitglied der Assoziation von Museen und Galerien der Tschechischen Republik.<\/strong><\/p>\n<p><strong>Mgr. Petra Aj\u0161manov\u00e1<br \/>\n<\/strong>Direktorin<br \/>\n<a href=\"mailto:pajsmanova@novy-bor.cz\">pajsmanova@novy-bor.cz<\/a><\/p>\n<p><strong>Mgr. Eli\u0161ka Vav\u0159\u00ed\u010dkov\u00e1<\/strong><strong><br \/>\n<\/strong>Kurator, Fachmitarbeiterin<br \/>\n<a href=\"mailto:evavrickova@novy-bor.cz\">evavrickova@novy-bor.cz<\/a><\/p>\n<p><strong>MgA. Eva Wirthov\u00e1, DiS.<\/strong><strong><br \/>\n<\/strong>Kurator, Fachmitarbeiterin<br \/>\n<a href=\"mailto:ewirthova@novy-bor.cz\">ewirthova@novy-bor.cz<\/a><\/p>\n<p><strong>Magdalena V\u00e1chalov\u00e1<\/strong><strong><br \/>\n<\/strong>Fachmitarbeiterin, Museumspedag\u00f6gin<br \/>\nLeiterin des Museumsgesch\u00e4fts<br \/>\n<a href=\"mailto:mvachalova@novy-bor.cz\">mvachalova@novy-bor.cz<\/a><\/p>\n<p><strong>Bc. Jana\u00a0Yildiz, DiS.<\/strong><strong><br \/>\n<\/strong>Museumsf\u00fchrerin,\u00a0die Dokumentarin,\u00a0die Bibliothek<br \/>\n<a href=\"http:\/\/jyildiz@novy-bor.cz\">jyildiz@novy-bor.cz<\/a><\/p>\n<p><strong>Nela Buri\u00e1nkov\u00e1, DiS.<\/strong><strong><br \/>\n<\/strong>Museumsf\u00fchrerin, Museumspedag\u00f6gin,<br \/>\nWerbung<br \/>\n<a href=\"mailto:nburiankova@novy-bor.cz\">nburiankova@novy-bor.cz<\/a><\/p>\n<p><strong>\u00a0<\/strong><\/p>\n","protected":false},"excerpt":{"rendered":"<p>GLASMUSEUM IN NOV\u00dd BOR n\u00e1m\u011bst\u00ed M\u00edru 105 473 01 Nov\u00fd Bor tel.: +420 487 726 196 e-mail:\u00a0muzeum@novy-bor.cz www.glassmuseum.eu Das Museum ist ein Mitglied der Assoziation von Museen und Galerien der Tschechischen Republik. Mgr. Petra Aj\u0161manov\u00e1 Direktorin pajsmanova@novy-bor.cz Mgr. Eli\u0161ka Vav\u0159\u00ed\u010dkov\u00e1 Kurator, Fachmitarbeiterin evavrickova@novy-bor.cz MgA. Eva Wirthov\u00e1, DiS. Kurator, Fachmitarbeiterin ewirthova@novy-bor.cz Magdalena V\u00e1chalov\u00e1 Fachmitarbeiterin, Museumspedag\u00f6gin Leiterin [&hellip;]<\/p>\n","protected":false},"author":1,"featured_media":0,"parent":0,"menu_order":0,"comment_status":"closed","ping_status":"closed","template":"","meta":{"_mi_skip_tracking":false},"_links":{"self":[{"href":"https:\/\/www.glassmuseum.eu\/de\/wp-json\/wp\/v2\/pages\/152"}],"collection":[{"href":"https:\/\/www.glassmuseum.eu\/de\/wp-json\/wp\/v2\/pages"}],"about":[{"href":"https:\/\/www.glassmuseum.eu\/de\/wp-json\/wp\/v2\/types\/page"}],"author":[{"embeddable":true,"href":"https:\/\/www.glassmuseum.eu\/de\/wp-json\/wp\/v2\/users\/1"}],"replies":[{"embeddable":true,"href":"https:\/\/www.glassmuseum.eu\/de\/wp-json\/wp\/v2\/comments?post=152"}],"version-history":[{"count":0,"href":"https:\/\/www.glassmuseum.eu\/de\/wp-json\/wp\/v2\/pages\/152\/revisions"}],"wp:attachment":[{"href":"https:\/\/www.glassmuseum.eu\/de\/wp-json\/wp\/v2\/media?parent=152"}],"curies":[{"name":"wp","href":"https:\/\/api.w.org\/{rel}","templated":true}]}}