{"id":148,"date":"2014-07-20T12:00:37","date_gmt":"2014-07-20T11:00:37","guid":{"rendered":"http:\/\/www.glassmuseum.eu\/?page_id=148"},"modified":"2023-09-28T14:31:09","modified_gmt":"2023-09-28T12:31:09","slug":"diensts","status":"publish","type":"page","link":"https:\/\/www.glassmuseum.eu\/de\/diensts","title":{"rendered":"Dienste"},"content":{"rendered":"<h4>\u00a0<strong>\u00d6ffnungszeiten:<\/strong><\/h4>\n<p>28. 9. MUSEUM GE\u00d6FFNET<\/p>\n<p>9:00-17:00 Uhr<\/p>\n<div class=\"content\">\n<p><span style=\"color: initial; font-size: revert;\">ganzj\u00e4hrig\u00a0\u00a0\u00a0\u00a0\u00a0\u00a0\u00a0\u00a0\u00a0\u00a0\u00a0\u00a0\u00a0\u00a0\u00a0\u00a0\u00a0\u00a0\u00a0\u00a0\u00a0\u00a0\u00a0\u00a0\u00a0\u00a0\u00a0 Dienstag &#8211; Sonntag\u00a0 \u00a09.00-17.00 Uhr<\/span><\/p>\n<\/div>\n<p><strong>Eintritt:<\/strong><\/p>\n<ul>\n<li>Erwachsene &#8211; 60 CZK<\/li>\n<li>Kinder ab 6 Jahren, Rentner &#8211; 40 CZK<\/li>\n<li>Familien (bis zu 3 Kinder) &#8211; 120 CZK<\/li>\n<li>Kinder bis 6 Jahre, Studenten der Kunstschulen, Besitzer einer AMG, ICOM-Karte \u2013 kostenlos<\/li>\n<\/ul>\n<p><a href=\"http:\/\/www.glassmuseum.eu\/wp-content\/uploads\/2014\/10\/icom.jpg\"><img loading=\"lazy\" class=\"wp-image-406 alignleft\" src=\"http:\/\/www.glassmuseum.eu\/wp-content\/uploads\/2014\/10\/icom.jpg\" alt=\"icom\" width=\"202\" height=\"190\" \/><\/a><a href=\"http:\/\/www.glassmuseum.eu\/wp-content\/uploads\/2022\/08\/nalepka_2022_final.jpg\"><img loading=\"lazy\" class=\"alignnone wp-image-4581 \" src=\"http:\/\/www.glassmuseum.eu\/wp-content\/uploads\/2022\/08\/nalepka_2022_final-300x209.jpg\" alt=\"\" width=\"427\" height=\"297\" srcset=\"https:\/\/www.glassmuseum.eu\/wp-content\/uploads\/2022\/08\/nalepka_2022_final-300x209.jpg 300w, https:\/\/www.glassmuseum.eu\/wp-content\/uploads\/2022\/08\/nalepka_2022_final-1024x714.jpg 1024w, https:\/\/www.glassmuseum.eu\/wp-content\/uploads\/2022\/08\/nalepka_2022_final-768x536.jpg 768w, https:\/\/www.glassmuseum.eu\/wp-content\/uploads\/2022\/08\/nalepka_2022_final-1536x1072.jpg 1536w, https:\/\/www.glassmuseum.eu\/wp-content\/uploads\/2022\/08\/nalepka_2022_final-600x419.jpg 600w, https:\/\/www.glassmuseum.eu\/wp-content\/uploads\/2022\/08\/nalepka_2022_final.jpg 1763w\" sizes=\"(max-width: 427px) 100vw, 427px\" \/><\/a><a href=\"http:\/\/www.glassmuseum.eu\/wp-content\/uploads\/2014\/10\/slovaci.jpg\"><img loading=\"lazy\" class=\"wp-image-407 alignright\" src=\"http:\/\/www.glassmuseum.eu\/wp-content\/uploads\/2014\/10\/slovaci.jpg\" alt=\"slovaci\" width=\"175\" height=\"239\" \/><\/a><\/p>\n<p>Die Gruppen bitte im voraus bestellen<\/p>\n<p>Museum bietet Beratungs- und Konsultationsdienste im Bereich der Glasindustrie an (Das Museum bietet keine\u00a0Einsch\u00e4tzungen des Glases &#8211; Bitte, wenden Sie sich an\u00a0einen\u00a0Sachverst\u00e4ndiger oder an die \u00a0Auktionsh\u00e4user. Wir bitten um Ihr Verst\u00e4ndnis.)<\/p>\n<p><strong>Museumsgesch\u00e4ft:<\/strong><strong>\u00a0<\/strong><strong><br \/>\n<\/strong><\/p>\n<ul>\n<li>Kopie des\u00a0historischen Glases<\/li>\n<li>traditioneller und moderner Glasschmuck<\/li>\n<li>Glasnagelfeile<\/li>\n<li>Souvenirs<\/li>\n<li>Fachlekt\u00fcre<\/li>\n<li>touristische Museumsvisitkarten und -Marken<\/li>\n<\/ul>\n","protected":false},"excerpt":{"rendered":"<p>\u00a0\u00d6ffnungszeiten: 28. 9. MUSEUM GE\u00d6FFNET 9:00-17:00 Uhr ganzj\u00e4hrig\u00a0\u00a0\u00a0\u00a0\u00a0\u00a0\u00a0\u00a0\u00a0\u00a0\u00a0\u00a0\u00a0\u00a0\u00a0\u00a0\u00a0\u00a0\u00a0\u00a0\u00a0\u00a0\u00a0\u00a0\u00a0\u00a0\u00a0 Dienstag &#8211; Sonntag\u00a0 \u00a09.00-17.00 Uhr Eintritt: Erwachsene &#8211; 60 CZK Kinder ab 6 Jahren, Rentner &#8211; 40 CZK Familien (bis zu 3 Kinder) &#8211; 120 CZK Kinder bis 6 Jahre, Studenten der Kunstschulen, Besitzer einer AMG, ICOM-Karte \u2013 kostenlos Die Gruppen bitte im voraus bestellen Museum bietet [&hellip;]<\/p>\n","protected":false},"author":1,"featured_media":0,"parent":0,"menu_order":0,"comment_status":"closed","ping_status":"closed","template":"","meta":{"_mi_skip_tracking":false},"_links":{"self":[{"href":"https:\/\/www.glassmuseum.eu\/de\/wp-json\/wp\/v2\/pages\/148"}],"collection":[{"href":"https:\/\/www.glassmuseum.eu\/de\/wp-json\/wp\/v2\/pages"}],"about":[{"href":"https:\/\/www.glassmuseum.eu\/de\/wp-json\/wp\/v2\/types\/page"}],"author":[{"embeddable":true,"href":"https:\/\/www.glassmuseum.eu\/de\/wp-json\/wp\/v2\/users\/1"}],"replies":[{"embeddable":true,"href":"https:\/\/www.glassmuseum.eu\/de\/wp-json\/wp\/v2\/comments?post=148"}],"version-history":[{"count":0,"href":"https:\/\/www.glassmuseum.eu\/de\/wp-json\/wp\/v2\/pages\/148\/revisions"}],"wp:attachment":[{"href":"https:\/\/www.glassmuseum.eu\/de\/wp-json\/wp\/v2\/media?parent=148"}],"curies":[{"name":"wp","href":"https:\/\/api.w.org\/{rel}","templated":true}]}}