{"id":142,"date":"2014-07-20T11:44:48","date_gmt":"2014-07-20T10:44:48","guid":{"rendered":"http:\/\/www.glassmuseum.eu\/?page_id=142"},"modified":"2023-06-30T15:14:10","modified_gmt":"2023-06-30T13:14:10","slug":"die-geschichte-des-hauses","status":"publish","type":"page","link":"https:\/\/www.glassmuseum.eu\/de\/die-geschichte-des-hauses","title":{"rendered":"Die Geschichte des Hauses"},"content":{"rendered":"<p style=\"text-align: justify;\"><a href=\"http:\/\/www.glassmuseum.eu\/wp-content\/uploads\/2014\/07\/IMG_20210414_163539_o\u0159\u00edznuto.jpg\"><img loading=\"lazy\" class=\"alignleft size-post-decor wp-image-4481\" src=\"http:\/\/www.glassmuseum.eu\/wp-content\/uploads\/2014\/07\/IMG_20210414_163539_o\u0159\u00edznuto-600x611.jpg\" alt=\"\" width=\"600\" height=\"611\" srcset=\"https:\/\/www.glassmuseum.eu\/wp-content\/uploads\/2014\/07\/IMG_20210414_163539_o\u0159\u00edznuto-600x611.jpg 600w, https:\/\/www.glassmuseum.eu\/wp-content\/uploads\/2014\/07\/IMG_20210414_163539_o\u0159\u00edznuto-295x300.jpg 295w, https:\/\/www.glassmuseum.eu\/wp-content\/uploads\/2014\/07\/IMG_20210414_163539_o\u0159\u00edznuto-768x782.jpg 768w, https:\/\/www.glassmuseum.eu\/wp-content\/uploads\/2014\/07\/IMG_20210414_163539_o\u0159\u00edznuto-1005x1024.jpg 1005w\" sizes=\"(max-width: 600px) 100vw, 600px\" \/><\/a>Das mehrst\u00f6ckige Haus mit dem Mansardendach und pr\u00e4chtigem sp\u00e4tbarocken Eingangsportal ist typisch f\u00fcr den urspr\u00fcnglichen Bau in Nov\u00fd Bor. Es wurde im Jahre 1804 von Johann Christoph Socher erbaut, einem Glash\u00e4ndler, der davor 13 Jahre lang erfolgreich das tschechische Glas in Mexiko verkauft hat. Die Gestaltung des Souterrains belegt, dass es sich bereits um das zweite Geb\u00e4ude auf diesem Platz handelt. Das urspr\u00fcngliche Haus, welches g\u00e4nzlich aus Holz war, wurde vom Tischlermeister Josef Schneider vor dem Jahre 1759 erbaut. In den 20ern der 19. Jahrhunderts hat Socher das Haus an Stephan Rautenstrauch verkauft. Im Besitz dieser Familie, der Mitglieder der bedeutendsten Exportgesellschaft in Nov\u00fd Bor, war dieses Haus bis 1939. Im Jahre 1952 ist die Gemeinde aus Nov\u00fd Bor zu dem Schluss gekommen, dass sie die Geschichte des Hauses beachten und das Glasmuseum dort unterbringen sollte. Das Objekt hat in den Jahren 1998 \u2013 1999 eine aufwendige Baurekonstruktion, in den Jahren 2011 \u2013 2012 eine neue Eingliederung und 2014 eine M\u00f6beleinrichtung des Deposit\u00e4rs hinter sich gebracht.<\/p>\n","protected":false},"excerpt":{"rendered":"<p>Das mehrst\u00f6ckige Haus mit dem Mansardendach und pr\u00e4chtigem sp\u00e4tbarocken Eingangsportal ist typisch f\u00fcr den urspr\u00fcnglichen Bau in Nov\u00fd Bor. Es wurde im Jahre 1804 von Johann Christoph Socher erbaut, einem Glash\u00e4ndler, der davor 13 Jahre lang erfolgreich das tschechische Glas in Mexiko verkauft hat. Die Gestaltung des Souterrains belegt, dass es sich bereits um das [&hellip;]<\/p>\n","protected":false},"author":1,"featured_media":4477,"parent":0,"menu_order":0,"comment_status":"open","ping_status":"open","template":"","meta":{"_mi_skip_tracking":false},"_links":{"self":[{"href":"https:\/\/www.glassmuseum.eu\/de\/wp-json\/wp\/v2\/pages\/142"}],"collection":[{"href":"https:\/\/www.glassmuseum.eu\/de\/wp-json\/wp\/v2\/pages"}],"about":[{"href":"https:\/\/www.glassmuseum.eu\/de\/wp-json\/wp\/v2\/types\/page"}],"author":[{"embeddable":true,"href":"https:\/\/www.glassmuseum.eu\/de\/wp-json\/wp\/v2\/users\/1"}],"replies":[{"embeddable":true,"href":"https:\/\/www.glassmuseum.eu\/de\/wp-json\/wp\/v2\/comments?post=142"}],"version-history":[{"count":0,"href":"https:\/\/www.glassmuseum.eu\/de\/wp-json\/wp\/v2\/pages\/142\/revisions"}],"wp:featuredmedia":[{"embeddable":true,"href":"https:\/\/www.glassmuseum.eu\/de\/wp-json\/wp\/v2\/media\/4477"}],"wp:attachment":[{"href":"https:\/\/www.glassmuseum.eu\/de\/wp-json\/wp\/v2\/media?parent=142"}],"curies":[{"name":"wp","href":"https:\/\/api.w.org\/{rel}","templated":true}]}}