{"id":1341,"date":"2016-08-18T13:43:41","date_gmt":"2016-08-18T11:43:41","guid":{"rendered":"http:\/\/www.glassmuseum.eu\/die-entstehung-des-museums-und-die-entwicklung-der-sammlung\/fotogalerie"},"modified":"2016-09-16T15:17:18","modified_gmt":"2016-09-16T13:17:18","slug":"fotogalerie","status":"publish","type":"page","link":"https:\/\/www.glassmuseum.eu\/de\/die-entstehung-des-museums-und-die-entwicklung-der-sammlung\/fotogalerie","title":{"rendered":"Foto-Galerie"},"content":{"rendered":"<p>DAUERAUSSTELLUNG<\/p>\n<p>Dauerausstellung des Glasmuseums Nov\u00fd Bor wurde im September des Jahres 2013 erneuert und neu ge\u00f6ffnet. Die vorige Dauerausstellung war lange 20 Jahre alt. Dauerausstellung befindet sich in zwei Geschossen und hat 4 Abteile (graviertes Glas, H\u00fcttenglas, geschliffenes Glas und gemaltes Glas). Diese Abteile erg\u00e4nzen die Modelle der historischen Werkst\u00e4tten. In der Exposition wird 8 % der allgemeinen Museumssammlung pr\u00e4sentiert. Rest der Sammlung\u00a0 wird in drei Deposit\u00e4r untergebracht. Exposition stellt die Etwicklung des b\u00f6hmischen Glases von den 18. Jahrhundert bis Gegenwart dar. Alles begleiten auch die Vitrinen, in deren die technologischen Informationen sind.<\/p>\n<p><a href=\"http:\/\/www.glassmuseum.eu\/wp-content\/uploads\/2016\/08\/IMG_0202zmen.jpg\" rel=\"attachment wp-att-1336\"><img loading=\"lazy\" class=\"alignnone size-thumbnail wp-image-1336\" src=\"http:\/\/www.glassmuseum.eu\/wp-content\/uploads\/2016\/08\/IMG_0202zmen-150x150.jpg\" alt=\"IMG_0202zmen\" width=\"150\" height=\"150\" \/><\/a> <a href=\"http:\/\/www.glassmuseum.eu\/wp-content\/uploads\/2016\/08\/IMG_0199zmen.jpg\" rel=\"attachment wp-att-1335\"><img loading=\"lazy\" class=\"alignnone size-thumbnail wp-image-1335\" src=\"http:\/\/www.glassmuseum.eu\/wp-content\/uploads\/2016\/08\/IMG_0199zmen-150x150.jpg\" alt=\"IMG_0199zmen\" width=\"150\" height=\"150\" \/><\/a> <a href=\"http:\/\/www.glassmuseum.eu\/wp-content\/uploads\/2016\/08\/IMG_0196zmen.jpg\" rel=\"attachment wp-att-1334\"><img loading=\"lazy\" class=\"alignnone size-thumbnail wp-image-1334\" src=\"http:\/\/www.glassmuseum.eu\/wp-content\/uploads\/2016\/08\/IMG_0196zmen-150x150.jpg\" alt=\"IMG_0196zmen\" width=\"150\" height=\"150\" \/><\/a><\/p>\n<p><a href=\"http:\/\/www.glassmuseum.eu\/wp-content\/uploads\/2016\/08\/IMG_0189zman.jpg\" rel=\"attachment wp-att-1333\"><img loading=\"lazy\" class=\"alignnone size-thumbnail wp-image-1333\" src=\"http:\/\/www.glassmuseum.eu\/wp-content\/uploads\/2016\/08\/IMG_0189zman-150x150.jpg\" alt=\"IMG_0189zman\" width=\"150\" height=\"150\" \/><\/a> <a href=\"http:\/\/www.glassmuseum.eu\/wp-content\/uploads\/2016\/08\/IMG_0167zmen.jpg\" rel=\"attachment wp-att-1332\"><img loading=\"lazy\" class=\"alignnone size-thumbnail wp-image-1332\" src=\"http:\/\/www.glassmuseum.eu\/wp-content\/uploads\/2016\/08\/IMG_0167zmen-150x150.jpg\" alt=\"IMG_0167zmen\" width=\"150\" height=\"150\" \/><\/a> <a href=\"http:\/\/www.glassmuseum.eu\/wp-content\/uploads\/2016\/08\/IMG_0129zmen.jpg\" rel=\"attachment wp-att-1331\"><img loading=\"lazy\" class=\"alignnone size-thumbnail wp-image-1331\" src=\"http:\/\/www.glassmuseum.eu\/wp-content\/uploads\/2016\/08\/IMG_0129zmen-150x150.jpg\" alt=\"IMG_0129zmen\" width=\"150\" height=\"150\" \/><\/a><\/p>\n<p><a href=\"http:\/\/www.glassmuseum.eu\/wp-content\/uploads\/2016\/08\/IMG_0126zmen.jpg\" rel=\"attachment wp-att-1330\"><img loading=\"lazy\" class=\"alignnone size-thumbnail wp-image-1330\" src=\"http:\/\/www.glassmuseum.eu\/wp-content\/uploads\/2016\/08\/IMG_0126zmen-150x150.jpg\" alt=\"IMG_0126zmen\" width=\"150\" height=\"150\" \/><\/a> <a href=\"http:\/\/www.glassmuseum.eu\/wp-content\/uploads\/2016\/08\/IMG_0107.jpg\" rel=\"attachment wp-att-1329\"><img loading=\"lazy\" class=\"alignnone size-thumbnail wp-image-1329\" src=\"http:\/\/www.glassmuseum.eu\/wp-content\/uploads\/2016\/08\/IMG_0107-150x150.jpg\" alt=\"IMG_0107\" width=\"150\" height=\"150\" \/><\/a>\u00a0<a href=\"http:\/\/www.glassmuseum.eu\/wp-content\/uploads\/2016\/08\/IMG_0100.jpg\" rel=\"attachment wp-att-1328\"><img loading=\"lazy\" class=\"alignnone size-thumbnail wp-image-1328\" src=\"http:\/\/www.glassmuseum.eu\/wp-content\/uploads\/2016\/08\/IMG_0100-150x150.jpg\" alt=\"IMG_0100\" width=\"150\" height=\"150\" \/><\/a><\/p>\n<p>Fotografien: Ji\u0159\u00ed Koudelka<\/p>\n","protected":false},"excerpt":{"rendered":"<p>DAUERAUSSTELLUNG Dauerausstellung des Glasmuseums Nov\u00fd Bor wurde im September des Jahres 2013 erneuert und neu ge\u00f6ffnet. Die vorige Dauerausstellung war lange 20 Jahre alt. Dauerausstellung befindet sich in zwei Geschossen und hat 4 Abteile (graviertes Glas, H\u00fcttenglas, geschliffenes Glas und gemaltes Glas). Diese Abteile erg\u00e4nzen die Modelle der historischen Werkst\u00e4tten. In der Exposition wird 8 [&hellip;]<\/p>\n","protected":false},"author":2,"featured_media":0,"parent":159,"menu_order":1,"comment_status":"closed","ping_status":"closed","template":"","meta":{"_mi_skip_tracking":false},"_links":{"self":[{"href":"https:\/\/www.glassmuseum.eu\/de\/wp-json\/wp\/v2\/pages\/1341"}],"collection":[{"href":"https:\/\/www.glassmuseum.eu\/de\/wp-json\/wp\/v2\/pages"}],"about":[{"href":"https:\/\/www.glassmuseum.eu\/de\/wp-json\/wp\/v2\/types\/page"}],"author":[{"embeddable":true,"href":"https:\/\/www.glassmuseum.eu\/de\/wp-json\/wp\/v2\/users\/2"}],"replies":[{"embeddable":true,"href":"https:\/\/www.glassmuseum.eu\/de\/wp-json\/wp\/v2\/comments?post=1341"}],"version-history":[{"count":0,"href":"https:\/\/www.glassmuseum.eu\/de\/wp-json\/wp\/v2\/pages\/1341\/revisions"}],"up":[{"embeddable":true,"href":"https:\/\/www.glassmuseum.eu\/de\/wp-json\/wp\/v2\/pages\/159"}],"wp:attachment":[{"href":"https:\/\/www.glassmuseum.eu\/de\/wp-json\/wp\/v2\/media?parent=1341"}],"curies":[{"name":"wp","href":"https:\/\/api.w.org\/{rel}","templated":true}]}}